{"id":1848,"date":"2025-04-07T14:18:31","date_gmt":"2025-04-07T11:18:31","guid":{"rendered":"https:\/\/cirast.com\/blog\/"},"modified":"2025-06-11T14:35:47","modified_gmt":"2025-06-11T11:35:47","slug":"blog","status":"publish","type":"page","link":"https:\/\/cirast.com\/en\/blog\/","title":{"rendered":"Blog"},"content":{"rendered":"\t\t<div data-elementor-type=\"wp-page\" data-elementor-id=\"1848\" class=\"elementor elementor-1848 elementor-716\" data-elementor-post-type=\"page\">\n\t\t\t\t<div class=\"elementor-element elementor-element-82d5cbc e-flex e-con-boxed e-con e-parent\" data-id=\"82d5cbc\" data-element_type=\"container\" data-settings=\"{&quot;background_background&quot;:&quot;classic&quot;}\">\n\t\t\t\t\t<div class=\"e-con-inner\">\n\t\t<div class=\"elementor-element elementor-element-cb3ef0c e-con-full e-flex e-con e-child\" data-id=\"cb3ef0c\" data-element_type=\"container\">\n\t\t\t\t<div class=\"elementor-element elementor-element-fdddf16 elementor-invisible elementor-widget elementor-widget-elementskit-heading\" data-id=\"fdddf16\" data-element_type=\"widget\" data-settings=\"{&quot;_animation&quot;:&quot;fadeInLeft&quot;}\" data-widget_type=\"elementskit-heading.default\">\n\t\t\t\t<div class=\"elementor-widget-container\">\n\t\t\t\t\t<div class=\"ekit-wid-con\" ><div class=\"ekit-heading elementskit-section-title-wraper text_left   ekit_heading_tablet-   ekit_heading_mobile-\"><h1 class=\"ekit-heading--title elementskit-section-title text_fill\"><span><span>Latest industry news and trends<\/span><\/span><\/h1><\/div><\/div>\t\t\t\t<\/div>\n\t\t\t\t<\/div>\n\t\t\t\t<div class=\"elementor-element elementor-element-8230b56 elementor-widget__width-initial elementor-widget-tablet__width-initial elementor-invisible elementor-widget elementor-widget-text-editor\" data-id=\"8230b56\" data-element_type=\"widget\" data-settings=\"{&quot;_animation&quot;:&quot;fadeInLeft&quot;,&quot;_animation_delay&quot;:200}\" data-widget_type=\"text-editor.default\">\n\t\t\t\t<div class=\"elementor-widget-container\">\n\t\t\t\t\t\t\t\t\tStay up to date with events, product launches and essential information on industrial ingredients.\t\t\t\t\t\t\t\t<\/div>\n\t\t\t\t<\/div>\n\t\t\t\t<\/div>\n\t\t<div class=\"elementor-element elementor-element-49e548c e-con-full e-flex e-con e-child\" data-id=\"49e548c\" data-element_type=\"container\">\n\t\t<div class=\"elementor-element elementor-element-7704ab2 e-con-full e-flex elementor-invisible e-con e-child\" data-id=\"7704ab2\" data-element_type=\"container\" data-settings=\"{&quot;animation_delay&quot;:800,&quot;animation&quot;:&quot;fadeInRight&quot;}\">\n\t\t\t\t<div class=\"elementor-element elementor-element-ec9bf3a elementor-widget elementor-widget-elementskit-video\" data-id=\"ec9bf3a\" data-element_type=\"widget\" data-widget_type=\"elementskit-video.default\">\n\t\t\t\t<div class=\"elementor-widget-container\">\n\t\t\t\t\t<div class=\"ekit-wid-con\" >\t\t<div class=\"video-content\" data-video-player=\"[&quot;playpause&quot;,&quot;current&quot;,&quot;progress&quot;,&quot;duration&quot;,&quot;volume&quot;]\" data-video-setting=\"{&quot;videoVolume&quot;:&quot;horizontal&quot;,&quot;startVolume&quot;:0.8000000000000000444089209850062616169452667236328125,&quot;videoType&quot;:&quot;inline&quot;,&quot;videoClass&quot;:&quot;ekit_self_video_wrap_content&quot;}\">\n\t\t\t\n<a class=\"ekit_icon_button glow-btn ekit-video-popup ekit-video-popup-btn\" href=\"#test-popup-linkec9bf3a\" aria-label=\"video-popup\">\n\t\t\t\t<i aria-hidden=\"true\" class=\"icon icon-play-button\"><\/i>\t\t<\/a>\n\t\t\t\t<div id=\"test-popup-linkec9bf3a\" class=\"mfp-hide ekit_self_video_wrap\">\n\t\t\t\t\t<video class=\"video_class\" preload=\"none\" controls=\"\" poster=\"\" >\n\t\t\t\t\t\t<source type=\"video\/mp4\" src=\"https:\/\/cirast.com\/wp-content\/uploads\/Merge-videos-project.mp4\" \/>\n\t\t\t\t\t<\/video>\n\t\t\t\t<\/div>\n\t\t\t\t\t<\/div>\n\t\t<\/div>\t\t\t\t<\/div>\n\t\t\t\t<\/div>\n\t\t<div class=\"elementor-element elementor-element-6f08b1e e-con-full e-flex e-con e-child\" data-id=\"6f08b1e\" data-element_type=\"container\">\n\t\t\t\t<div class=\"elementor-element elementor-element-78c659f elementor-widget elementor-widget-counter\" data-id=\"78c659f\" data-element_type=\"widget\" data-widget_type=\"counter.default\">\n\t\t\t\t<div class=\"elementor-widget-container\">\n\t\t\t\t\t\t\t<div class=\"elementor-counter\">\n\t\t\t\t\t\t<div class=\"elementor-counter-number-wrapper\">\n\t\t\t\t<span class=\"elementor-counter-number-prefix\"><\/span>\n\t\t\t\t<span class=\"elementor-counter-number\" data-duration=\"2000\" data-to-value=\"100\" data-from-value=\"0\" data-delimiter=\",\">0<\/span>\n\t\t\t\t<span class=\"elementor-counter-number-suffix\">%<\/span>\n\t\t\t<\/div>\n\t\t<\/div>\n\t\t\t\t\t\t<\/div>\n\t\t\t\t<\/div>\n\t\t\t\t<div class=\"elementor-element elementor-element-df202f9 elementor-widget elementor-widget-icon-box\" data-id=\"df202f9\" data-element_type=\"widget\" data-widget_type=\"icon-box.default\">\n\t\t\t\t<div class=\"elementor-widget-container\">\n\t\t\t\t\t\t\t<div class=\"elementor-icon-box-wrapper\">\n\n\t\t\t\n\t\t\t\t\t\t<div class=\"elementor-icon-box-content\">\n\n\t\t\t\t\t\t\t\t\t<h5 class=\"elementor-icon-box-title\">\n\t\t\t\t\t\t<span  >\n\t\t\t\t\t\t\tSatisfaction\t\t\t\t\t\t<\/span>\n\t\t\t\t\t<\/h5>\n\t\t\t\t\n\t\t\t\t\t\t\t\t\t<p class=\"elementor-icon-box-description\">\n\t\t\t\t\t\tWe work with global industry leaders.\t\t\t\t\t<\/p>\n\t\t\t\t\n\t\t\t<\/div>\n\t\t\t\n\t\t<\/div>\n\t\t\t\t\t\t<\/div>\n\t\t\t\t<\/div>\n\t\t\t\t<\/div>\n\t\t\t\t<\/div>\n\t\t\t\t<\/div>\n\t\t\t\t\t<\/div>\n\t\t\t\t<\/div>\n\t\t<div class=\"elementor-element elementor-element-92a230a e-flex e-con-boxed e-con e-parent\" data-id=\"92a230a\" data-element_type=\"container\" data-settings=\"{&quot;background_background&quot;:&quot;classic&quot;}\">\n\t\t\t\t\t<div class=\"e-con-inner\">\n\t\t\t\t<div class=\"elementor-element elementor-element-b9faa31 ekit-blog-posts--bg-hover bg-hover-classic elementor-widget elementor-widget-elementskit-blog-posts\" data-id=\"b9faa31\" data-element_type=\"widget\" data-widget_type=\"elementskit-blog-posts.default\">\n\t\t\t\t<div class=\"elementor-widget-container\">\n\t\t\t\t\t<div class=\"ekit-wid-con\" >        <div id=\"post-items--b9faa31\" class=\"row post-items\">\n                    <div class=\"col-lg-4 col-md-6\">\n\n                                    <div class=\"elementskit-post-image-card\">\n                        <div class=\"elementskit-entry-header\">\n                                                            <a href=\"https:\/\/cirast.com\/en\/sorbitol-syrup-in-the-food-industry-benefits-applications-and-emerging-trends\/\" class=\"elementskit-entry-thumb\">\n                                    <img decoding=\"async\" src=\"https:\/\/cirast.com\/wp-content\/uploads\/CIRA5.webp\" alt=\"Sorbitol Syrup in the Food Industry: Benefits, Applications and Emerging Trends\">\n                                <\/a><!-- .elementskit-entry-thumb END -->\n                                                            \n                                                            <div class=\"elementskit-meta-categories\">\n                                    <span class=\"elementskit-meta-wraper\">\n                                        <span><a href=\"https:\/\/cirast.com\/en\/category\/cirast-en\/\" rel=\"category tag\">Cirast<\/a><\/span>\n                                    <\/span>\n                                <\/div>\n                            \n\t\t\t\t\t\t\t\t\t\t\t\t\t<\/div><!-- .elementskit-entry-header END -->\n\n\t\t\t\t\t\t<div class=\"elementskit-post-body \">\n\t\t\t\t\t\t\t\n\t\t\t\t\t\t\t\t\t\t\t\t\t\t\t\t\t\t\t\t\t\t\t\t\t\t\t\t\t\t\n\t\t\t\t\t\t\t\t\n\t\t\t\t\t\t\t\t\t\t\t\t\t\t\t\t\t\t\t\t\t<h2 class=\"entry-title\">\n\t\t\t\t\t<a href=\"https:\/\/cirast.com\/en\/sorbitol-syrup-in-the-food-industry-benefits-applications-and-emerging-trends\/\">\n\t\t\t\t\t\tSorbitol Syrup in&hellip;\t\t\t\t\t<\/a>\n\t\t\t\t<\/h2>\n\t\t\t\t\t\t\t\t\t\t\t\t\t\t\t\t\t\t\t\t\t\t\t\t\t\t\t\t\t\t\t\t\t\t\t\t\t\t\t\t\t\t<p>Introduction to sorbitol syrup Sorbitol syrup, a sugar alcohol commonly used as a sweetener, has gained popularity in the food&hellip;<\/p>\n\t\t\t\t\t\t\t\t\t\t\t\t\t\t\t\t\t\t\t\t\t\t                                                    <\/div><!-- .elementskit-post-body END -->\n                    <\/div>\n                \n            <\/div>\n                    <div class=\"col-lg-4 col-md-6\">\n\n                                    <div class=\"elementskit-post-image-card\">\n                        <div class=\"elementskit-entry-header\">\n                                                            <a href=\"https:\/\/cirast.com\/en\/glycerin-in-the-food-industry-efficient-solutions-for-b2b-manufacturers\/\" class=\"elementskit-entry-thumb\">\n                                    <img decoding=\"async\" src=\"https:\/\/cirast.com\/wp-content\/uploads\/CIRA4-scaled.webp\" alt=\"Glycerin in the Food Industry: Efficient Solutions for B2B Manufacturers\">\n                                <\/a><!-- .elementskit-entry-thumb END -->\n                                                            \n                                                            <div class=\"elementskit-meta-categories\">\n                                    <span class=\"elementskit-meta-wraper\">\n                                        <span><a href=\"https:\/\/cirast.com\/en\/category\/cirast-en\/\" rel=\"category tag\">Cirast<\/a><\/span>\n                                    <\/span>\n                                <\/div>\n                            \n\t\t\t\t\t\t\t\t\t\t\t\t\t<\/div><!-- .elementskit-entry-header END -->\n\n\t\t\t\t\t\t<div class=\"elementskit-post-body \">\n\t\t\t\t\t\t\t\n\t\t\t\t\t\t\t\t\t\t\t\t\t\t\t\t\t\t\t\t\t\t\t\t\t\t\t\t\t\t\n\t\t\t\t\t\t\t\t\n\t\t\t\t\t\t\t\t\t\t\t\t\t\t\t\t\t\t\t\t\t<h2 class=\"entry-title\">\n\t\t\t\t\t<a href=\"https:\/\/cirast.com\/en\/glycerin-in-the-food-industry-efficient-solutions-for-b2b-manufacturers\/\">\n\t\t\t\t\t\tGlycerin in the&hellip;\t\t\t\t\t<\/a>\n\t\t\t\t<\/h2>\n\t\t\t\t\t\t\t\t\t\t\t\t\t\t\t\t\t\t\t\t\t\t\t\t\t\t\t\t\t\t\t\t\t\t\t\t\t\t\t\t\t\t<p>What is glycerin and why is it important for your business? Glycerol, a trihydric alcohol derived from vegetable sources or&hellip;<\/p>\n\t\t\t\t\t\t\t\t\t\t\t\t\t\t\t\t\t\t\t\t\t\t                                                    <\/div><!-- .elementskit-post-body END -->\n                    <\/div>\n                \n            <\/div>\n                    <div class=\"col-lg-4 col-md-6\">\n\n                                    <div class=\"elementskit-post-image-card\">\n                        <div class=\"elementskit-entry-header\">\n                                                            <a href=\"https:\/\/cirast.com\/en\/vegan-products-a-conscious-choice-not-just-a-trend\/\" class=\"elementskit-entry-thumb\">\n                                    <img decoding=\"async\" src=\"https:\/\/cirast.com\/wp-content\/uploads\/CR3.webp\" alt=\"Vegan products &#8211; a conscious choice, not just a trend\">\n                                <\/a><!-- .elementskit-entry-thumb END -->\n                                                            \n                                                            <div class=\"elementskit-meta-categories\">\n                                    <span class=\"elementskit-meta-wraper\">\n                                        <span><a href=\"https:\/\/cirast.com\/en\/category\/cirast-en\/\" rel=\"category tag\">Cirast<\/a><\/span>\n                                    <\/span>\n                                <\/div>\n                            \n\t\t\t\t\t\t\t\t\t\t\t\t\t<\/div><!-- .elementskit-entry-header END -->\n\n\t\t\t\t\t\t<div class=\"elementskit-post-body \">\n\t\t\t\t\t\t\t\n\t\t\t\t\t\t\t\t\t\t\t\t\t\t\t\t\t\t\t\t\t\t\t\t\t\t\t\t\t\t\n\t\t\t\t\t\t\t\t\n\t\t\t\t\t\t\t\t\t\t\t\t\t\t\t\t\t\t\t\t\t<h2 class=\"entry-title\">\n\t\t\t\t\t<a href=\"https:\/\/cirast.com\/en\/vegan-products-a-conscious-choice-not-just-a-trend\/\">\n\t\t\t\t\t\tVegan products &#8211;&hellip;\t\t\t\t\t<\/a>\n\t\t\t\t<\/h2>\n\t\t\t\t\t\t\t\t\t\t\t\t\t\t\t\t\t\t\t\t\t\t\t\t\t\t\t\t\t\t\t\t\t\t\t\t\t\t\t\t\t\t<p>Vegan products &#8211; a conscious choice, not just a trend In recent years, vegan products have moved from the niche&hellip;<\/p>\n\t\t\t\t\t\t\t\t\t\t\t\t\t\t\t\t\t\t\t\t\t\t                                                    <\/div><!-- .elementskit-post-body END -->\n                    <\/div>\n                \n            <\/div>\n                <\/div>\n       <\/div>\t\t\t\t<\/div>\n\t\t\t\t<\/div>\n\t\t\t\t\t<\/div>\n\t\t\t\t<\/div>\n\t\t<div class=\"elementor-element elementor-element-e21dfcc e-con-full e-flex e-con e-parent\" data-id=\"e21dfcc\" data-element_type=\"container\" data-settings=\"{&quot;background_background&quot;:&quot;classic&quot;}\">\n\t\t<div class=\"elementor-element elementor-element-db73c5a e-flex e-con-boxed e-con e-child\" data-id=\"db73c5a\" data-element_type=\"container\" data-settings=\"{&quot;background_background&quot;:&quot;classic&quot;}\">\n\t\t\t\t\t<div class=\"e-con-inner\">\n\t\t<div class=\"elementor-element elementor-element-95680d5 e-con-full e-flex e-con e-child\" data-id=\"95680d5\" data-element_type=\"container\">\n\t\t\t\t<div class=\"elementor-element elementor-element-c12f8b1 elementor-invisible elementor-widget elementor-widget-elementskit-heading\" data-id=\"c12f8b1\" data-element_type=\"widget\" data-settings=\"{&quot;_animation&quot;:&quot;fadeInLeft&quot;,&quot;_animation_delay&quot;:200}\" data-widget_type=\"elementskit-heading.default\">\n\t\t\t\t<div class=\"elementor-widget-container\">\n\t\t\t\t\t<div class=\"ekit-wid-con\" ><div class=\"ekit-heading elementskit-section-title-wraper text_center   ekit_heading_tablet-   ekit_heading_mobile-\"><h3 class=\"ekit-heading--title elementskit-section-title text_fill\">Sign up to our newsletter <span><span>to get the latest industry news<\/span><\/span><\/h3><\/div><\/div>\t\t\t\t<\/div>\n\t\t\t\t<\/div>\n\t\t\t\t<\/div>\n\t\t\t\t\t<\/div>\n\t\t\t\t<\/div>\n\t\t\t\t<\/div>\n\t\t\t\t<\/div>\n\t\t","protected":false},"excerpt":{"rendered":"<p>Latest industry news and trends Stay up to date with events, product launches and essential information on industrial ingredients. 0 % Satisfaction We work with global industry leaders. Cirast Siropul de Sorbitol&hellip; Introducere \u00een siropul de sorbitol Siropul de sorbitol, un alcool de zah\u0103r utilizat frecvent ca \u00eendulcitor, a c\u00e2\u0219tigat popularitate \u00een&hellip; Cirast Glicerina \u00een [&hellip;]<\/p>\n","protected":false},"author":1,"featured_media":1673,"parent":0,"menu_order":0,"comment_status":"closed","ping_status":"closed","template":"","meta":{"footnotes":""},"class_list":["post-1848","page","type-page","status-publish","has-post-thumbnail","hentry"],"yoast_head":"<!-- This site is optimized with the Yoast SEO plugin v25.3 - https:\/\/yoast.com\/wordpress\/plugins\/seo\/ -->\n<title>Cirast Food Blog - News and Trends Industrial Ingredients<\/title>\n<meta name=\"description\" content=\"Discover the latest news, trends and innovations in the ingredients industry on the Cirast Food blog. Keep up to date with the latest news!\" \/>\n<meta name=\"robots\" content=\"index, follow, max-snippet:-1, max-image-preview:large, max-video-preview:-1\" \/>\n<link rel=\"canonical\" href=\"https:\/\/cirast.com\/en\/blog\/\" \/>\n<meta property=\"og:locale\" content=\"en_US\" \/>\n<meta property=\"og:type\" content=\"article\" \/>\n<meta property=\"og:title\" content=\"Cirast Food Blog - News and Trends Industrial Ingredients\" \/>\n<meta property=\"og:description\" content=\"Discover the latest news, trends and innovations in the ingredients industry on the Cirast Food blog. Keep up to date with the latest news!\" \/>\n<meta property=\"og:url\" content=\"https:\/\/cirast.com\/en\/blog\/\" \/>\n<meta property=\"og:site_name\" content=\"Cirast\" \/>\n<meta property=\"article:publisher\" content=\"https:\/\/www.facebook.com\/CirastFoodIngredients\" \/>\n<meta property=\"article:modified_time\" content=\"2025-06-11T11:35:47+00:00\" \/>\n<meta property=\"og:image\" content=\"https:\/\/cirast.com\/wp-content\/uploads\/CIRA5.webp\" \/>\n\t<meta property=\"og:image:width\" content=\"1770\" \/>\n\t<meta property=\"og:image:height\" content=\"1180\" \/>\n\t<meta property=\"og:image:type\" content=\"image\/webp\" \/>\n<meta name=\"twitter:card\" content=\"summary_large_image\" \/>\n<meta name=\"twitter:label1\" content=\"Est. reading time\" \/>\n\t<meta name=\"twitter:data1\" content=\"1 minute\" \/>\n<script type=\"application\/ld+json\" class=\"yoast-schema-graph\">{\"@context\":\"https:\/\/schema.org\",\"@graph\":[{\"@type\":\"WebPage\",\"@id\":\"https:\/\/cirast.com\/en\/blog\/\",\"url\":\"https:\/\/cirast.com\/en\/blog\/\",\"name\":\"Cirast Food Blog - News and Trends Industrial Ingredients\",\"isPartOf\":{\"@id\":\"https:\/\/cirast.com\/en\/#website\"},\"primaryImageOfPage\":{\"@id\":\"https:\/\/cirast.com\/en\/blog\/#primaryimage\"},\"image\":{\"@id\":\"https:\/\/cirast.com\/en\/blog\/#primaryimage\"},\"thumbnailUrl\":\"https:\/\/cirast.com\/wp-content\/uploads\/CIRA5.webp\",\"datePublished\":\"2025-04-07T11:18:31+00:00\",\"dateModified\":\"2025-06-11T11:35:47+00:00\",\"description\":\"Discover the latest news, trends and innovations in the ingredients industry on the Cirast Food blog. Keep up to date with the latest news!\",\"breadcrumb\":{\"@id\":\"https:\/\/cirast.com\/en\/blog\/#breadcrumb\"},\"inLanguage\":\"en-US\",\"potentialAction\":[{\"@type\":\"ReadAction\",\"target\":[\"https:\/\/cirast.com\/en\/blog\/\"]}]},{\"@type\":\"ImageObject\",\"inLanguage\":\"en-US\",\"@id\":\"https:\/\/cirast.com\/en\/blog\/#primaryimage\",\"url\":\"https:\/\/cirast.com\/wp-content\/uploads\/CIRA5.webp\",\"contentUrl\":\"https:\/\/cirast.com\/wp-content\/uploads\/CIRA5.webp\",\"width\":1770,\"height\":1180},{\"@type\":\"BreadcrumbList\",\"@id\":\"https:\/\/cirast.com\/en\/blog\/#breadcrumb\",\"itemListElement\":[{\"@type\":\"ListItem\",\"position\":1,\"name\":\"Prima pagin\u0103\",\"item\":\"https:\/\/cirast.com\/en\/\"},{\"@type\":\"ListItem\",\"position\":2,\"name\":\"Blog\"}]},{\"@type\":\"WebSite\",\"@id\":\"https:\/\/cirast.com\/en\/#website\",\"url\":\"https:\/\/cirast.com\/en\/\",\"name\":\"Cirast\",\"description\":\"Ingrediente esen\u021biale\",\"publisher\":{\"@id\":\"https:\/\/cirast.com\/en\/#organization\"},\"potentialAction\":[{\"@type\":\"SearchAction\",\"target\":{\"@type\":\"EntryPoint\",\"urlTemplate\":\"https:\/\/cirast.com\/en\/?s={search_term_string}\"},\"query-input\":{\"@type\":\"PropertyValueSpecification\",\"valueRequired\":true,\"valueName\":\"search_term_string\"}}],\"inLanguage\":\"en-US\"},{\"@type\":\"Organization\",\"@id\":\"https:\/\/cirast.com\/en\/#organization\",\"name\":\"Cirast\",\"url\":\"https:\/\/cirast.com\/en\/\",\"logo\":{\"@type\":\"ImageObject\",\"inLanguage\":\"en-US\",\"@id\":\"https:\/\/cirast.com\/en\/#\/schema\/logo\/image\/\",\"url\":\"https:\/\/cirast.com\/wp-content\/uploads\/NOU-logo-cirast-2-1.png\",\"contentUrl\":\"https:\/\/cirast.com\/wp-content\/uploads\/NOU-logo-cirast-2-1.png\",\"width\":438,\"height\":200,\"caption\":\"Cirast\"},\"image\":{\"@id\":\"https:\/\/cirast.com\/en\/#\/schema\/logo\/image\/\"},\"sameAs\":[\"https:\/\/www.facebook.com\/CirastFoodIngredients\",\"https:\/\/www.linkedin.com\/company\/cirastfoodingredients\/\",\"https:\/\/www.instagram.com\/cirast_food_ingredients\/\"]}]}<\/script>\n<!-- \/ Yoast SEO plugin. -->","yoast_head_json":{"title":"Cirast Food Blog - News and Trends Industrial Ingredients","description":"Discover the latest news, trends and innovations in the ingredients industry on the Cirast Food blog. Keep up to date with the latest news!","robots":{"index":"index","follow":"follow","max-snippet":"max-snippet:-1","max-image-preview":"max-image-preview:large","max-video-preview":"max-video-preview:-1"},"canonical":"https:\/\/cirast.com\/en\/blog\/","og_locale":"en_US","og_type":"article","og_title":"Cirast Food Blog - News and Trends Industrial Ingredients","og_description":"Discover the latest news, trends and innovations in the ingredients industry on the Cirast Food blog. Keep up to date with the latest news!","og_url":"https:\/\/cirast.com\/en\/blog\/","og_site_name":"Cirast","article_publisher":"https:\/\/www.facebook.com\/CirastFoodIngredients","article_modified_time":"2025-06-11T11:35:47+00:00","og_image":[{"width":1770,"height":1180,"url":"https:\/\/cirast.com\/wp-content\/uploads\/CIRA5.webp","type":"image\/webp"}],"twitter_card":"summary_large_image","twitter_misc":{"Est. reading time":"1 minute"},"schema":{"@context":"https:\/\/schema.org","@graph":[{"@type":"WebPage","@id":"https:\/\/cirast.com\/en\/blog\/","url":"https:\/\/cirast.com\/en\/blog\/","name":"Cirast Food Blog - News and Trends Industrial Ingredients","isPartOf":{"@id":"https:\/\/cirast.com\/en\/#website"},"primaryImageOfPage":{"@id":"https:\/\/cirast.com\/en\/blog\/#primaryimage"},"image":{"@id":"https:\/\/cirast.com\/en\/blog\/#primaryimage"},"thumbnailUrl":"https:\/\/cirast.com\/wp-content\/uploads\/CIRA5.webp","datePublished":"2025-04-07T11:18:31+00:00","dateModified":"2025-06-11T11:35:47+00:00","description":"Discover the latest news, trends and innovations in the ingredients industry on the Cirast Food blog. Keep up to date with the latest news!","breadcrumb":{"@id":"https:\/\/cirast.com\/en\/blog\/#breadcrumb"},"inLanguage":"en-US","potentialAction":[{"@type":"ReadAction","target":["https:\/\/cirast.com\/en\/blog\/"]}]},{"@type":"ImageObject","inLanguage":"en-US","@id":"https:\/\/cirast.com\/en\/blog\/#primaryimage","url":"https:\/\/cirast.com\/wp-content\/uploads\/CIRA5.webp","contentUrl":"https:\/\/cirast.com\/wp-content\/uploads\/CIRA5.webp","width":1770,"height":1180},{"@type":"BreadcrumbList","@id":"https:\/\/cirast.com\/en\/blog\/#breadcrumb","itemListElement":[{"@type":"ListItem","position":1,"name":"Prima pagin\u0103","item":"https:\/\/cirast.com\/en\/"},{"@type":"ListItem","position":2,"name":"Blog"}]},{"@type":"WebSite","@id":"https:\/\/cirast.com\/en\/#website","url":"https:\/\/cirast.com\/en\/","name":"Cirast","description":"Ingrediente esen\u021biale","publisher":{"@id":"https:\/\/cirast.com\/en\/#organization"},"potentialAction":[{"@type":"SearchAction","target":{"@type":"EntryPoint","urlTemplate":"https:\/\/cirast.com\/en\/?s={search_term_string}"},"query-input":{"@type":"PropertyValueSpecification","valueRequired":true,"valueName":"search_term_string"}}],"inLanguage":"en-US"},{"@type":"Organization","@id":"https:\/\/cirast.com\/en\/#organization","name":"Cirast","url":"https:\/\/cirast.com\/en\/","logo":{"@type":"ImageObject","inLanguage":"en-US","@id":"https:\/\/cirast.com\/en\/#\/schema\/logo\/image\/","url":"https:\/\/cirast.com\/wp-content\/uploads\/NOU-logo-cirast-2-1.png","contentUrl":"https:\/\/cirast.com\/wp-content\/uploads\/NOU-logo-cirast-2-1.png","width":438,"height":200,"caption":"Cirast"},"image":{"@id":"https:\/\/cirast.com\/en\/#\/schema\/logo\/image\/"},"sameAs":["https:\/\/www.facebook.com\/CirastFoodIngredients","https:\/\/www.linkedin.com\/company\/cirastfoodingredients\/","https:\/\/www.instagram.com\/cirast_food_ingredients\/"]}]}},"_links":{"self":[{"href":"https:\/\/cirast.com\/en\/wp-json\/wp\/v2\/pages\/1848","targetHints":{"allow":["GET"]}}],"collection":[{"href":"https:\/\/cirast.com\/en\/wp-json\/wp\/v2\/pages"}],"about":[{"href":"https:\/\/cirast.com\/en\/wp-json\/wp\/v2\/types\/page"}],"author":[{"embeddable":true,"href":"https:\/\/cirast.com\/en\/wp-json\/wp\/v2\/users\/1"}],"replies":[{"embeddable":true,"href":"https:\/\/cirast.com\/en\/wp-json\/wp\/v2\/comments?post=1848"}],"version-history":[{"count":2,"href":"https:\/\/cirast.com\/en\/wp-json\/wp\/v2\/pages\/1848\/revisions"}],"predecessor-version":[{"id":1851,"href":"https:\/\/cirast.com\/en\/wp-json\/wp\/v2\/pages\/1848\/revisions\/1851"}],"wp:featuredmedia":[{"embeddable":true,"href":"https:\/\/cirast.com\/en\/wp-json\/wp\/v2\/media\/1673"}],"wp:attachment":[{"href":"https:\/\/cirast.com\/en\/wp-json\/wp\/v2\/media?parent=1848"}],"curies":[{"name":"wp","href":"https:\/\/api.w.org\/{rel}","templated":true}]}}